{"id":1731,"date":"2015-10-26T11:05:52","date_gmt":"2015-10-26T11:05:52","guid":{"rendered":"http:\/\/www.ilux.es\/en\/aviso-legal\/"},"modified":"2024-11-14T15:35:18","modified_gmt":"2024-11-14T15:35:18","slug":"aviso-legal","status":"publish","type":"page","link":"https:\/\/www.ilux.es\/en\/aviso-legal\/","title":{"rendered":"Aviso Legal"},"content":{"rendered":"<section class=\"tcvpb_section_tc section_with_header\">\n\t\t<header><div class=\"tcvpb_container\"><h3>Aviso Legal<\/h3><div class=\"tcvpb_section_header_icon\"><i class=\"el-el_balance\"><\/i><\/div><\/div><\/header>\n\t\t<div class=\"tcvpb_section_content\"><div class=\"tcvpb_container\"><div class=\"tcvpb_column_tc_span12 color-base\"><div  class=\"\" >\n<h2>Datos de la entidad<\/h2>\n<p>En cumplimiento del art\u00edculo 10 de la Ley 34\/2002, de 11 de julio, de Servicios de la Sociedad de la Informaci\u00f3n y Comercio Electr\u00f3nico, ILUX VISUAL TECHNOLOGIES, S.L. le informa que se encuentra inscrita en el Registro Mercantil de Tomo 2.768, Folio 169, Secci\u00f3n general, Inscripci\u00f3n 1\u00aa, de la Hoja N\u00ba C-32.009, siendo sus datos identificativos los siguientes:<\/p>\n<ul>\n<li><strong>Denominaci\u00f3n social:<\/strong> ILUX VISUAL TECHNOLOGIES SL<\/li>\n<li><strong>C.I.F.:<\/strong> B70089131<\/li>\n<li><strong>Domicilio social:<\/strong> CALLE SOR JOAQUINA 4 BAJO IZQUIERDA  15011 &#8211; A CORU\u00d1A (A CORU\u00d1A)\u00a0 <\/li>\n<li><strong>Tel\u00e9fono:<\/strong> 881872691<\/li>\n<li><strong>Correo electr\u00f3nico a efectos de  comunicaci\u00f3n:<\/strong> <a title=\"email\" href=\"mailto:info@ilux.es\" rel=\"noopener\">info@ilux.es<\/a>><\/li>\n<li><strong>Dominio  WEB:<\/strong><a title=\"Link\" href=\"https:\/\/www.ilux.es\/en\/\" target=\"_blank\" rel=\"noopener\">www.ilux.es<\/a><\/li>\n<\/ul>\n<p>Todas las notificaciones y comunicaciones entre los usuarios y ILUX VISUAL TECHNOLOGIES, S.L. se considerar\u00e1n eficaces, a todos los efectos, cuando se realicen a trav\u00e9s de correo postal o cualquier otro medio de los detallados anteriormente.<\/p>\n<h2>Condiciones de acceso y utilizaci\u00f3n<\/h2>\n<p>El presente aviso legal regula el uso del sitio web<a title=\"web\" href=\"https:\/\/www.ilux.es\/en\/\"> <u>www.ilux.es<\/u> <\/a>(en adelante, la WEB), del que es titular ILUX VISUAL TECHNOLOGIES, S.L.<\/p>\n<p>La navegaci\u00f3n por la web de ILUX VISUAL TECHNOLOGIES, S.L. atribuye la condici\u00f3n de usuario del mismo e implica la aceptaci\u00f3n plena y sin reservas de todas y cada una de las disposiciones incluidas en este Aviso Legal, que pueden sufrir modificaciones.<\/p>\n<p>El sitio web y sus servicios son de acceso libre y gratuito, no obstante, ILUX VISUAL TECHNOLOGIES, S.L. condiciona la utilizaci\u00f3n de algunos de los servicios ofrecidos en su web a la previa cumplimentaci\u00f3n del correspondiente formulario.<\/p>\n<p>Todos los contenidos del sitio web, como textos, fotograf\u00edas, gr\u00e1ficos, im\u00e1genes, iconos, tecnolog\u00eda, software, as\u00ed como su dise\u00f1o y c\u00f3digos fuente, constituyen una obra cuya propiedad pertenece a ILUX VISUAL TECHNOLOGIES, S.L., sin que puedan entenderse cedidos al usuario ninguno de los derechos de explotaci\u00f3n sobre los mismos m\u00e1s all\u00e1 de lo estrictamente necesario para el correcto uso de la web.<\/p>\n<p>El usuario garantiza la autenticidad y actualidad de todos aquellos datos que comunique a ILUX VISUAL TECHNOLOGIES, S.L. y ser\u00e1 el \u00fanico responsable de las manifestaciones falsas o inexactas que realice.<\/p>\n<p>El usuario se obliga a hacer un uso correcto del sitio web de conformidad con las leyes, la buena fe, el orden p\u00fablico, los usos del tr\u00e1fico y el presente Aviso Legal. El usuario responder\u00e1 frente a ILUX VISUAL TECHNOLOGIES, S.L. o frente a terceros, de cualesquiera da\u00f1os y perjuicios que pudieran causarse como consecuencia del incumplimiento de dicha obligaci\u00f3n.<\/p>\n<h2>Pol\u00edtica de enlaces y exenciones de responsabilidades<\/h2>\n<p>ILUX VISUAL TECHNOLOGIES, S.L. no se hace responsable del contenido de las p\u00e1ginas web a las que el usuario pueda acceder a trav\u00e9s de los enlaces establecidos en la WEB y declara que en ning\u00fan caso proceder\u00e1 a examinar o ejercitar ning\u00fan tipo de control sobre el contenido de otras p\u00e1ginas de la red. Asimismo, tampoco garantizar\u00e1 la disponibilidad t\u00e9cnica, exactitud, veracidad, validez o legalidad de p\u00e1ginas ajenas a su propiedad a las que se pueda acceder por medio de los enlaces.<\/p>\n<p>ILUX VISUAL TECHNOLOGIES, S.L. declara haber adoptado todas las medidas necesarias para evitar cualesquiera da\u00f1os que, a los usuarios de la WEB, pudieran derivarse de la navegaci\u00f3n por la misma. En consecuencia, ILUX VISUAL TECHNOLOGIES, S.L. no se hace responsable, en ning\u00fan caso, de los eventuales da\u00f1os que por la navegaci\u00f3n por Internet pudiera sufrir el usuario.<\/p>\n<h2>Uso de cookies y datos estad\u00edsticos<\/h2>\n<p>Esta p\u00e1gina web puede recoger datos de sus visitantes por medio del uso de cookies, donde se recabar\u00e1 informaci\u00f3n personal relacionada con su navegaci\u00f3n. Para conocer de manera clara y precisa las cookies que utilizamos, cu\u00e1les son sus finalidades y c\u00f3mo puede configurarlas o deshabilitarlas, consulte nuestra <a title=\"Pol\u00edtica de Cookies\" href=\"https:\/\/www.ilux.es\/en\/cookies\/\"><u>pol\u00edtica de cookies<\/u>,<\/a> en su caso.<\/p>\n<p>El usuario tiene la posibilidad de configurar su navegador de modo que se le informe de la recepci\u00f3n de cookies, pudiendo, si as\u00ed lo desea, impedir que sean instaladas en su disco duro.<\/p>\n<h2>Protecci\u00f3n de datos<\/h2>\n<p>ILUX VISUAL TECHNOLOGIES, S.L. no recoge datos de car\u00e1cter personal a trav\u00e9s de esta p\u00e1gina web.<\/p>\n<h2>Resoluci\u00f3n de controversias. Ley aplicable y jurisdicci\u00f3n<\/h2>\n<p>Las presentes Condiciones Generales de Uso, as\u00ed como el uso del Espacio Web, se regir\u00e1n por la legislaci\u00f3n espa\u00f1ola. Para la resoluci\u00f3n de cualquier controversia las partes se someter\u00e1n a los Juzgados y Tribunales del domicilio social del responsable del sitio web.<\/p>\n<p>En el supuesto de que cualquier estipulaci\u00f3n de las presentes Condiciones Generales de Uso resultara inexigible o nula en virtud de la legislaci\u00f3n aplicable o como consecuencia de una resoluci\u00f3n judicial o administrativa, dicha inexigibilidad o nulidad no har\u00e1 que las presentes Condiciones Generales de Uso resulten inexigibles o nulas en su conjunto. En dichos casos, la empresa proceder\u00e1 a la modificaci\u00f3n o sustituci\u00f3n de dicha estipulaci\u00f3n por otra que sea v\u00e1lida y exigible y que, en la medida de lo posible, consiga el objetivo y pretensi\u00f3n reflejados en la estipulaci\u00f3n original.<\/p>\n<\/div><\/div><\/div><\/div>\n\t\t\n\t\t\n\t<\/section>\n","protected":false},"excerpt":{"rendered":"","protected":false},"author":1,"featured_media":0,"parent":0,"menu_order":0,"comment_status":"closed","ping_status":"closed","template":"page-no-container.php","meta":{"footnotes":""},"class_list":["post-1731","page","type-page","status-publish","hentry"],"yoast_head":"<!-- This site is optimized with the Yoast SEO plugin v23.5 - https:\/\/yoast.com\/wordpress\/plugins\/seo\/ -->\n<title>Aviso Legal - ILUX Visual Technologies<\/title>\n<meta name=\"robots\" content=\"index, follow, max-snippet:-1, max-image-preview:large, max-video-preview:-1\" \/>\n<link rel=\"canonical\" href=\"https:\/\/www.ilux.es\/en\/aviso-legal\/\" \/>\n<meta property=\"og:locale\" content=\"en_US\" \/>\n<meta property=\"og:type\" content=\"article\" \/>\n<meta property=\"og:title\" content=\"Aviso Legal - ILUX Visual Technologies\" \/>\n<meta property=\"og:url\" content=\"https:\/\/www.ilux.es\/en\/aviso-legal\/\" \/>\n<meta property=\"og:site_name\" content=\"ILUX Visual Technologies\" \/>\n<meta property=\"article:modified_time\" content=\"2024-11-14T15:35:18+00:00\" \/>\n<meta name=\"twitter:card\" content=\"summary_large_image\" \/>\n<meta name=\"twitter:label1\" content=\"Est. reading time\" \/>\n\t<meta name=\"twitter:data1\" content=\"4 minutes\" \/>\n<script type=\"application\/ld+json\" class=\"yoast-schema-graph\">{\"@context\":\"https:\/\/schema.org\",\"@graph\":[{\"@type\":\"WebPage\",\"@id\":\"https:\/\/www.ilux.es\/en\/aviso-legal\/\",\"url\":\"https:\/\/www.ilux.es\/en\/aviso-legal\/\",\"name\":\"Aviso Legal - ILUX Visual Technologies\",\"isPartOf\":{\"@id\":\"https:\/\/www.ilux.es\/en\/#website\"},\"datePublished\":\"2015-10-26T11:05:52+00:00\",\"dateModified\":\"2024-11-14T15:35:18+00:00\",\"breadcrumb\":{\"@id\":\"https:\/\/www.ilux.es\/en\/aviso-legal\/#breadcrumb\"},\"inLanguage\":\"en-US\",\"potentialAction\":[{\"@type\":\"ReadAction\",\"target\":[\"https:\/\/www.ilux.es\/en\/aviso-legal\/\"]}]},{\"@type\":\"BreadcrumbList\",\"@id\":\"https:\/\/www.ilux.es\/en\/aviso-legal\/#breadcrumb\",\"itemListElement\":[{\"@type\":\"ListItem\",\"position\":1,\"name\":\"Portada\",\"item\":\"https:\/\/www.ilux.es\/en\/\"},{\"@type\":\"ListItem\",\"position\":2,\"name\":\"Aviso Legal\"}]},{\"@type\":\"WebSite\",\"@id\":\"https:\/\/www.ilux.es\/en\/#website\",\"url\":\"https:\/\/www.ilux.es\/en\/\",\"name\":\"ILUX Visual Technologies\",\"description\":\"\",\"potentialAction\":[{\"@type\":\"SearchAction\",\"target\":{\"@type\":\"EntryPoint\",\"urlTemplate\":\"https:\/\/www.ilux.es\/en\/?s={search_term_string}\"},\"query-input\":{\"@type\":\"PropertyValueSpecification\",\"valueRequired\":true,\"valueName\":\"search_term_string\"}}],\"inLanguage\":\"en-US\"}]}<\/script>\n<!-- \/ Yoast SEO plugin. -->","yoast_head_json":{"title":"Aviso Legal - ILUX Visual Technologies","robots":{"index":"index","follow":"follow","max-snippet":"max-snippet:-1","max-image-preview":"max-image-preview:large","max-video-preview":"max-video-preview:-1"},"canonical":"https:\/\/www.ilux.es\/en\/aviso-legal\/","og_locale":"en_US","og_type":"article","og_title":"Aviso Legal - ILUX Visual Technologies","og_url":"https:\/\/www.ilux.es\/en\/aviso-legal\/","og_site_name":"ILUX Visual Technologies","article_modified_time":"2024-11-14T15:35:18+00:00","twitter_card":"summary_large_image","twitter_misc":{"Est. reading time":"4 minutes"},"schema":{"@context":"https:\/\/schema.org","@graph":[{"@type":"WebPage","@id":"https:\/\/www.ilux.es\/en\/aviso-legal\/","url":"https:\/\/www.ilux.es\/en\/aviso-legal\/","name":"Aviso Legal - ILUX Visual Technologies","isPartOf":{"@id":"https:\/\/www.ilux.es\/en\/#website"},"datePublished":"2015-10-26T11:05:52+00:00","dateModified":"2024-11-14T15:35:18+00:00","breadcrumb":{"@id":"https:\/\/www.ilux.es\/en\/aviso-legal\/#breadcrumb"},"inLanguage":"en-US","potentialAction":[{"@type":"ReadAction","target":["https:\/\/www.ilux.es\/en\/aviso-legal\/"]}]},{"@type":"BreadcrumbList","@id":"https:\/\/www.ilux.es\/en\/aviso-legal\/#breadcrumb","itemListElement":[{"@type":"ListItem","position":1,"name":"Portada","item":"https:\/\/www.ilux.es\/en\/"},{"@type":"ListItem","position":2,"name":"Aviso Legal"}]},{"@type":"WebSite","@id":"https:\/\/www.ilux.es\/en\/#website","url":"https:\/\/www.ilux.es\/en\/","name":"ILUX Visual Technologies","description":"","potentialAction":[{"@type":"SearchAction","target":{"@type":"EntryPoint","urlTemplate":"https:\/\/www.ilux.es\/en\/?s={search_term_string}"},"query-input":{"@type":"PropertyValueSpecification","valueRequired":true,"valueName":"search_term_string"}}],"inLanguage":"en-US"}]}},"_links":{"self":[{"href":"https:\/\/www.ilux.es\/en\/wp-json\/wp\/v2\/pages\/1731"}],"collection":[{"href":"https:\/\/www.ilux.es\/en\/wp-json\/wp\/v2\/pages"}],"about":[{"href":"https:\/\/www.ilux.es\/en\/wp-json\/wp\/v2\/types\/page"}],"author":[{"embeddable":true,"href":"https:\/\/www.ilux.es\/en\/wp-json\/wp\/v2\/users\/1"}],"replies":[{"embeddable":true,"href":"https:\/\/www.ilux.es\/en\/wp-json\/wp\/v2\/comments?post=1731"}],"version-history":[{"count":8,"href":"https:\/\/www.ilux.es\/en\/wp-json\/wp\/v2\/pages\/1731\/revisions"}],"predecessor-version":[{"id":4549,"href":"https:\/\/www.ilux.es\/en\/wp-json\/wp\/v2\/pages\/1731\/revisions\/4549"}],"wp:attachment":[{"href":"https:\/\/www.ilux.es\/en\/wp-json\/wp\/v2\/media?parent=1731"}],"curies":[{"name":"wp","href":"https:\/\/api.w.org\/{rel}","templated":true}]}}