{"id":1737,"date":"2015-10-26T11:18:08","date_gmt":"2015-10-26T11:18:08","guid":{"rendered":"http:\/\/www.ilux.es\/en\/politica-de-cookies\/"},"modified":"2019-01-17T11:53:37","modified_gmt":"2019-01-17T11:53:37","slug":"cookies","status":"publish","type":"page","link":"https:\/\/www.ilux.es\/en\/cookies\/","title":{"rendered":"Cookies Policy"},"content":{"rendered":"<section class=\"tcvpb_section_tc  color-base section_with_header\">\n\t\t<header><div class=\"tcvpb_container\"><h3>Cookies policy<\/h3><div class=\"tcvpb_section_header_icon\"><i class=\"el-el_pushpin_alt\"><\/i><\/div><\/div><\/header>\n\t\t<div class=\"tcvpb_section_content\"><div class=\"tcvpb_container\"><div class=\"tcvpb_column_tc_span12\"><div  class=\"\" >Para modificar la configuraci\u00f3n de cookies , haz click sobre este enlace. <a href=\"#\" onclick=\"tarteaucitron.userInterface.openPanel();\"> panel de configuraci\u00f3n<\/a><\/p>\n<h2>\u00bfQu\u00e9 son las cookies?<\/h2>\n<p>Las cookies son archivos que se pueden descargar en su equipo a trav\u00e9s de las p\u00e1ginas web. Son herramientas que tienen un papel esencial para la prestaci\u00f3n de numerosos servicios de la sociedad de la informaci\u00f3n. Entre otros, permiten a una p\u00e1gina web almacenar y recuperar informaci\u00f3n sobre los h\u00e1bitos de navegaci\u00f3n de un usuario o de su equipo y, dependiendo de la informaci\u00f3n obtenida, se pueden utilizar para reconocer al usuario y mejorar el servicio ofrecido.<\/p>\n<h2>Tipos de cookies<\/h2>\n<p>Seg\u00fan quien sea la entidad que gestione el dominio desde donde se env\u00edan las cookies y trate los datos que se obtengan se pueden distinguir dos tipos: cookies propias y cookies de terceros.<\/p>\n<p>Existe tambi\u00e9n una segunda clasificaci\u00f3n seg\u00fan el plazo de tiempo que permanecen almacenadas en el navegador del cliente, pudiendo tratarse de cookies de sesi\u00f3n o cookies persistentes.<\/p>\n<p>Por \u00faltimo, existe otra clasificaci\u00f3n con cinco tipos de cookies seg\u00fan la finalidad para la que se traten los datos obtenidos: cookies t\u00e9cnicas, cookies de personalizaci\u00f3n, cookies de an\u00e1lisis, cookies publicitarias y cookies de publicidad comportamental.<\/p>\n<p>Para m\u00e1s informaci\u00f3n sobre cookies puedes consultar la <a href=\"http:\/\/www.agpd.es\/portalwebAGPD\/canaldocumentacion\/publicaciones\/common\/Guias\/Guia_Cookies.pdf\">Gu\u00eda sobre el uso de las cookies de la Agencia Espa\u00f1ola de Protecci\u00f3n de Datos<\/a><\/p>\n<h2>\u00bfQu\u00e9 tipos de cookies utiliza esta p\u00e1gina web?<\/h2>\n<p>ILUX Visual Technologies utiliza su sitio web cookies para personalizar y facilitar al m\u00e1ximo la navegaci\u00f3n del usuario. Las cookies se asocian \u00fanicamente a un usuario an\u00f3nimo y su ordenador y no proporcionan referencias que permitan deducir datos personales del usuario. El usuario puede configurar su navegador para que notifique y rechace la instalaci\u00f3n de las cookies enviadas por la web de ILUX Visual Technologies, sin que ello perjudique la posibilidad del usuario de acceder a los contenidos. Sin embargo, en todo caso, la calidad de funcionamiento de la p\u00e1gina web puede disminuir.<\/p>\n<p>A continuaci\u00f3n, se identifican las cookies que est\u00e1n siendo utilizadas en este portal:<\/p>\n<p>La p\u00e1gina web de ILUX Visual Technologies utiliza <strong>Google Analytics<\/strong>, un servicio de anal\u00edtica web desarrollada por Google, que permite la medici\u00f3n y an\u00e1lisis de la navegaci\u00f3n en las p\u00e1ginas web. A trav\u00e9s de la anal\u00edtica web se obtiene informaci\u00f3n relativa al n\u00famero de usuarios que acceden a la web, el n\u00famero de p\u00e1ginas vistas, la frecuencia y repetici\u00f3n de las visitas, su duraci\u00f3n, el navegador utilizado, el operador que presta el servicio, el idioma\u2026 Puede encontrar m\u00e1s informaci\u00f3n al respecto e inhabilitar el uso de estas cookies <a href=\"https:\/\/developers.google.com\/analytics\/devguides\/collection\/analyticsjs\/cookie-usage?hl=es\">aqu\u00ed<\/a>.<\/p>\n<p>En nuestra p\u00e1gina web tambi\u00e9n utilizamos <strong>Vimeo<\/strong> y <strong>Youtube<\/strong> para incluir videos. Vimeo utiliza cookies para recopilar informaci\u00f3n de seguimiento anal\u00edtica.<\/p>\n<p>Puedes ver informaci\u00f3n completa de las cookies de terceros a trav\u00e9s de los enlaces de cada uno de ellos en nuestro Panel de Control de Cookies.<\/p>\n<p>Otra de las cookies que se descargan es una cookie de tipo propio, de personalizaci\u00f3n y de sesi\u00f3n denominada <strong>_icl_current_language<\/strong>. Esta cookie permite saber el idioma actual del visitante y redirige a este idioma en la p\u00e1gina si es posible.<\/p>\n<p>Existe otra cookie, llamada <strong>_icl_visitor_lang_js <\/strong>que almacena el idioma del navegador del visitante. Se trata de una cookie de tipo propio, de personalizaci\u00f3n y permanente (se almacena durante 24 horas).<\/p>\n<p>Al aceptar las cookies se guarda la cookie <strong>gestion<\/strong>. Se trata de una cookie propia, t\u00e9cnica y permanente.<\/p>\n<h2>Aceptaci\u00f3n de la Pol\u00edtica de cookies<\/h2>\n<p>ILUX Visual Technologies no asume que aceptas el uso de cookies. Mostramos informaci\u00f3n sobre nuestra Pol\u00edtica de cookies en la parte inferior de nuestra p\u00e1gina web con el objeto de que seas informado.<\/p>\n<p>Ante esta informaci\u00f3n es posible llevar a cabo las siguientes acciones:<\/p>\n<ul>\n<li><strong>OK, aceptar todas.<\/strong> Aceptar las cookies y no se volver\u00e1 a visualizar este aviso al acceder a la p\u00e1gina durante el periodo de un a\u00f1o.<\/li>\n<li><strong>Personalizar<\/strong> qu\u00e9 cookies permites y cu\u00e1les no. Debes tener en cuenta que ciertas funciones de la p\u00e1gina web no funcionar\u00e1n correctamente si no aceptas las cookies. Desde el panel de gesti\u00f3n de cookies puedes acceder a esta Pol\u00edtica de cookies.<\/li>\n<\/ul>\n<p>C\u00f3mo modificar la configuraci\u00f3n de las cookies<\/p>\n<p>El usuario puede, en cualquier momento, permitir, bloquear o eliminar las cookies instaladas en su equipo mediante la configuraci\u00f3n de las opciones de su navegador; por ejemplo:<\/p>\n<ul>\n<li>Chrome, encuentra informaci\u00f3n en el siguiente <a href=\"https:\/\/support.google.com\/chrome\/answer\/95647?hl=es\">enlace<\/a><\/li>\n<li>Internet Explorer 9, encuentra informaci\u00f3n en el siguiente <a href=\"http:\/\/windows.microsoft.com\/es-es\/internet-explorer\/delete-manage-cookies#ie=ie-11\">enlace<\/a><\/li>\n<li>FireFox, encuentra informaci\u00f3n en el siguiente <a href=\"http:\/\/support.mozilla.org\/es\/kb\/habilitar-y-deshabilitar-cookies-que-los-sitios-we\">enlace<\/a><\/li>\n<\/ul>\n<p>Adem\u00e1s, tambi\u00e9n puede gestionar el almac\u00e9n de cookies en su navegador a trav\u00e9s de herramientas como las siguientes:<\/p>\n<p>Ghostery: <a href=\"http:\/\/www.ghostery.com\/\">www.ghostery.com\/<\/a><\/p>\n<p>Your online choices: <a href=\"http:\/\/www.youronlinechoices.com\/es\/\">www.youronlinechoices.com\/es\/<\/a><\/p>\n<p>&nbsp;<\/p>\n<h2>\u00bfActualizamos nuestra Pol\u00edtica de cookies?<\/h2>\n<p>Es posible que actualicemos la Pol\u00edtica de Cookies de nuestro sitio web, por ello recomendamos revisar esta pol\u00edtica cada vez que acceda a nuestro sitio web con el objetivo de estar adecuadamente informado sobre c\u00f3mo y para qu\u00e9 usamos las cookies. La Pol\u00edtica de cookies se actualiz\u00f3 por \u00faltima vez a fecha 17 de enero de 2019.<\/p>\n<p>ILUX Visual Technologies no se hace responsable del contenido y veracidad de las pol\u00edticas de privacidad de los terceros incluidas en esta Pol\u00edtica de cookies.<\/p>\n<p>Si tienes dudas sobre nuestra Pol\u00edtica de cookies, puedes contactar con nosotros en <a href=\"mailto:info@ilux.es\">info@ilux.es<\/a><\/p>\n<\/div><\/div><\/div><\/div>\n\t\t\n\t\t\n\t<\/section>\n","protected":false},"excerpt":{"rendered":"","protected":false},"author":1,"featured_media":0,"parent":0,"menu_order":0,"comment_status":"closed","ping_status":"closed","template":"page-no-container.php","meta":{"footnotes":""},"class_list":["post-1737","page","type-page","status-publish","hentry"],"yoast_head":"<!-- This site is optimized with the Yoast SEO plugin v23.5 - https:\/\/yoast.com\/wordpress\/plugins\/seo\/ -->\n<title>Cookies Policy - ILUX Visual Technologies<\/title>\n<meta name=\"robots\" content=\"index, follow, max-snippet:-1, max-image-preview:large, max-video-preview:-1\" \/>\n<link rel=\"canonical\" href=\"https:\/\/www.ilux.es\/en\/cookies\/\" \/>\n<meta property=\"og:locale\" content=\"en_US\" \/>\n<meta property=\"og:type\" content=\"article\" \/>\n<meta property=\"og:title\" content=\"Cookies Policy - ILUX Visual Technologies\" \/>\n<meta property=\"og:url\" content=\"https:\/\/www.ilux.es\/en\/cookies\/\" \/>\n<meta property=\"og:site_name\" content=\"ILUX Visual Technologies\" \/>\n<meta property=\"article:modified_time\" content=\"2019-01-17T11:53:37+00:00\" \/>\n<meta name=\"twitter:card\" content=\"summary_large_image\" \/>\n<meta name=\"twitter:label1\" content=\"Est. reading time\" \/>\n\t<meta name=\"twitter:data1\" content=\"5 minutes\" \/>\n<script type=\"application\/ld+json\" class=\"yoast-schema-graph\">{\"@context\":\"https:\/\/schema.org\",\"@graph\":[{\"@type\":\"WebPage\",\"@id\":\"https:\/\/www.ilux.es\/en\/cookies\/\",\"url\":\"https:\/\/www.ilux.es\/en\/cookies\/\",\"name\":\"Cookies Policy - ILUX Visual Technologies\",\"isPartOf\":{\"@id\":\"https:\/\/www.ilux.es\/en\/#website\"},\"datePublished\":\"2015-10-26T11:18:08+00:00\",\"dateModified\":\"2019-01-17T11:53:37+00:00\",\"breadcrumb\":{\"@id\":\"https:\/\/www.ilux.es\/en\/cookies\/#breadcrumb\"},\"inLanguage\":\"en-US\",\"potentialAction\":[{\"@type\":\"ReadAction\",\"target\":[\"https:\/\/www.ilux.es\/en\/cookies\/\"]}]},{\"@type\":\"BreadcrumbList\",\"@id\":\"https:\/\/www.ilux.es\/en\/cookies\/#breadcrumb\",\"itemListElement\":[{\"@type\":\"ListItem\",\"position\":1,\"name\":\"Portada\",\"item\":\"https:\/\/www.ilux.es\/en\/\"},{\"@type\":\"ListItem\",\"position\":2,\"name\":\"Cookies Policy\"}]},{\"@type\":\"WebSite\",\"@id\":\"https:\/\/www.ilux.es\/en\/#website\",\"url\":\"https:\/\/www.ilux.es\/en\/\",\"name\":\"ILUX Visual Technologies\",\"description\":\"\",\"potentialAction\":[{\"@type\":\"SearchAction\",\"target\":{\"@type\":\"EntryPoint\",\"urlTemplate\":\"https:\/\/www.ilux.es\/en\/?s={search_term_string}\"},\"query-input\":{\"@type\":\"PropertyValueSpecification\",\"valueRequired\":true,\"valueName\":\"search_term_string\"}}],\"inLanguage\":\"en-US\"}]}<\/script>\n<!-- \/ Yoast SEO plugin. -->","yoast_head_json":{"title":"Cookies Policy - ILUX Visual Technologies","robots":{"index":"index","follow":"follow","max-snippet":"max-snippet:-1","max-image-preview":"max-image-preview:large","max-video-preview":"max-video-preview:-1"},"canonical":"https:\/\/www.ilux.es\/en\/cookies\/","og_locale":"en_US","og_type":"article","og_title":"Cookies Policy - ILUX Visual Technologies","og_url":"https:\/\/www.ilux.es\/en\/cookies\/","og_site_name":"ILUX Visual Technologies","article_modified_time":"2019-01-17T11:53:37+00:00","twitter_card":"summary_large_image","twitter_misc":{"Est. reading time":"5 minutes"},"schema":{"@context":"https:\/\/schema.org","@graph":[{"@type":"WebPage","@id":"https:\/\/www.ilux.es\/en\/cookies\/","url":"https:\/\/www.ilux.es\/en\/cookies\/","name":"Cookies Policy - ILUX Visual Technologies","isPartOf":{"@id":"https:\/\/www.ilux.es\/en\/#website"},"datePublished":"2015-10-26T11:18:08+00:00","dateModified":"2019-01-17T11:53:37+00:00","breadcrumb":{"@id":"https:\/\/www.ilux.es\/en\/cookies\/#breadcrumb"},"inLanguage":"en-US","potentialAction":[{"@type":"ReadAction","target":["https:\/\/www.ilux.es\/en\/cookies\/"]}]},{"@type":"BreadcrumbList","@id":"https:\/\/www.ilux.es\/en\/cookies\/#breadcrumb","itemListElement":[{"@type":"ListItem","position":1,"name":"Portada","item":"https:\/\/www.ilux.es\/en\/"},{"@type":"ListItem","position":2,"name":"Cookies Policy"}]},{"@type":"WebSite","@id":"https:\/\/www.ilux.es\/en\/#website","url":"https:\/\/www.ilux.es\/en\/","name":"ILUX Visual Technologies","description":"","potentialAction":[{"@type":"SearchAction","target":{"@type":"EntryPoint","urlTemplate":"https:\/\/www.ilux.es\/en\/?s={search_term_string}"},"query-input":{"@type":"PropertyValueSpecification","valueRequired":true,"valueName":"search_term_string"}}],"inLanguage":"en-US"}]}},"_links":{"self":[{"href":"https:\/\/www.ilux.es\/en\/wp-json\/wp\/v2\/pages\/1737"}],"collection":[{"href":"https:\/\/www.ilux.es\/en\/wp-json\/wp\/v2\/pages"}],"about":[{"href":"https:\/\/www.ilux.es\/en\/wp-json\/wp\/v2\/types\/page"}],"author":[{"embeddable":true,"href":"https:\/\/www.ilux.es\/en\/wp-json\/wp\/v2\/users\/1"}],"replies":[{"embeddable":true,"href":"https:\/\/www.ilux.es\/en\/wp-json\/wp\/v2\/comments?post=1737"}],"version-history":[{"count":10,"href":"https:\/\/www.ilux.es\/en\/wp-json\/wp\/v2\/pages\/1737\/revisions"}],"predecessor-version":[{"id":2728,"href":"https:\/\/www.ilux.es\/en\/wp-json\/wp\/v2\/pages\/1737\/revisions\/2728"}],"wp:attachment":[{"href":"https:\/\/www.ilux.es\/en\/wp-json\/wp\/v2\/media?parent=1737"}],"curies":[{"name":"wp","href":"https:\/\/api.w.org\/{rel}","templated":true}]}}