{"id":5258,"date":"2025-08-28T11:44:05","date_gmt":"2025-08-28T11:44:05","guid":{"rendered":"https:\/\/www.ilux.es\/home\/products\/armap\/"},"modified":"2025-08-28T15:12:43","modified_gmt":"2025-08-28T15:12:43","slug":"armap","status":"publish","type":"page","link":"https:\/\/www.ilux.es\/en\/home\/products\/armap\/","title":{"rendered":"AR Map"},"content":{"rendered":"<section class=\"tcvpb_section_tc icon-blue-am tcvpb-centered section_with_header\" style=\"margin-bottom:0px;border-bottom:0px;padding-bottom:0px;background-color:rgb(241, 241, 241);\">\n\t\t<header><div class=\"tcvpb_container\"><h3><\/p>\n<div>ARMAP<\/div>\n<p><\/h3><div class=\"tcvpb_section_header_icon\"><i class=\"bm-cellphone\"><\/i><\/div><p><strong>AR<\/strong>Map es una plataforma que, a trav\u00e9s de una innovadora tecnolog\u00eda, permite la creaci\u00f3n de contenidos de Realidad Aumentada Web en tiempo real sin necesidad, como ven\u00eda siendo necesario hasta ahora, de instalar una App para su funcionamiento.<\/p><\/div><\/header>\n\t\t<div class=\"tcvpb_section_content\"><div class=\"tcvpb_container\"><div class=\"tcvpb_column_tc_span12\"><div  class=\"\" >\n<p style=\"text-align: justify;\"><strong>ARMap<\/strong> is a platform that, through innovative technology, allows the creation of <strong>real-time Web Augmented Reality<\/strong> content without the need to install an app for it to work, as was previously necessary.<\/p>\n<\/div><\/div><\/div><\/div>\n\t\t\n\t\t\n\t<\/section><section class=\"tcvpb_section_tc\" style=\"margin-top:0px;border-top:0px;padding-top:10px;padding-bottom:10px;background-color:rgb(241, 241, 241);\">\n\t\t\n\t\t<div class=\"tcvpb_section_content\"><div class=\"tcvpb_container\"><div class=\"tcvpb_column_tc_span6\"><div  class=\"tcvpb-animo\" data-animation=\"fadeInLeft\" data-trigger_pt=\"0\" data-duration=\"1000\" data-delay=\"0\">\n<p class=\"p_tc\" style=\"text-align: justify;\">With this new technology, simply by entering a web address in a browser, you can include <strong>all kinds of content and multimedia resources<\/strong> on an image, such as 3D virtual tours, 360&deg; videos, 3D models, audio guides, PDFs, etc.<\/p>\n<\/div><\/div><div class=\"tcvpb_column_tc_span6\"><div  class=\"tcvpb-animo\" data-animation=\"fadeInRight\" data-trigger_pt=\"0\" data-duration=\"1000\" data-delay=\"0\">\n<p style=\"text-align: justify;\">As it has the flexibility of being a <strong>web viewer<\/strong>, any changes you want to make to it automatically appear on the map, without having to upload the app to the platforms (iOS and Android), and therefore content updates are made <strong>dynamically<\/strong> on the map.<\/p>\n<\/div><\/div><\/div><\/div>\n\t\t\n\t\t\n\t<\/section><section class=\"tcvpb_section_tc section_no_column_margin\" style=\"margin-top:0px;margin-bottom:0px;padding-top:0px;padding-bottom:0px;background-color:rgb(241, 241, 241);\">\n\t\t\n\t\t<div class=\"tcvpb_section_content\"><div class=\"tcvpb_container\"><div class=\"tcvpb_column_tc_span12\"><div  class=\"tcvpb-image tcvpb-animo\" data-animation=\"fadeInUpBig\" data-trigger_pt=\"0%\" data-duration=\"2000\" data-delay=\"0\"><img decoding=\"async\" width=\"100%\" height=\"100%\" src=\"https:\/\/www.ilux.es\/wp-content\/uploads\/2025\/08\/iphone_armap-1-scaled-e1756389200861.webp\" alt=\"iphone_armap-1-scaled-e1756389200861.webp\"><\/div><\/div><\/div><\/div>\n\t\t\n\t\t\n\t<\/section><section class=\"tcvpb_section_tc tcvpb-centered tcvpb-inversed_text tcvpb-parallax section_with_header\" data-background_image=\"https:\/\/www.ilux.es\/wp-content\/uploads\/2025\/08\/back_ARMap_neg.webp\" data-parallax=\"0.3\" style=\"margin-top:0px;margin-bottom:10px;padding-top:20px;padding-bottom:20px;background-image:url(https:\/\/www.ilux.es\/wp-content\/uploads\/2025\/08\/back_ARMap_neg.webp);background-size:cover;background-position:center center;\">\n\t\t<header><div class=\"tcvpb_container\"><p>Block<\/p><\/div><\/header>\n\t\t<div class=\"tcvpb_section_content\"><div class=\"tcvpb_container\"><div class=\"tcvpb_column_tc_span12\"><blockquote  class=\"tcvpb_blockquote \">\n\t\t\n\t\t<p>\n<p style=\"text-align: center;\"><span style=\"color: #ffffff;\"><em>This platform stands out because it uses web technologies to make the real-time <strong>AR experience<\/strong> accessible to any type of device.<\/em><\/span><\/p>\n<\/p>\n\t<\/blockquote><\/div><\/div><\/div>\n\t\t\n\t\t\n\t<\/section><section class=\"tcvpb_section_tc minusculas section_with_header\" style=\"margin-bottom:0px;border-bottom:0px;padding-bottom:0px;background-color:rgb(255, 255, 255);\">\n\t\t<header><div class=\"tcvpb_container\"><h3>Platform Capabilities<\/h3><\/div><\/header>\n\t\t<div class=\"tcvpb_section_content\"><div class=\"tcvpb_container\"><div class=\"tcvpb_column_tc_span2\" style=\"margin-top:30px;\"><\/div><div class=\"tcvpb_column_tc_span4\" style=\"margin-top:30px;\">\n\t\t<div  class=\"tcvpb_service_box tcvpb_service_box_square \">\n\t\t\t<div class=\"tcvpb_service_box_header\"><div class=\"tcvpb_icon_boxed\"><i class=\"icomoon-qrcode\" style=color:#284360;><\/i><\/div><h3>Image processing and pattern generation<\/h3><\/div>\n\t\t<\/div><\/div><div class=\"tcvpb_column_tc_span4\" style=\"margin-top:30px;\">\n\t\t<div  class=\"tcvpb_service_box tcvpb_service_box_square \">\n\t\t\t<div class=\"tcvpb_service_box_header\"><div class=\"tcvpb_icon_boxed\"><i class=\"bm-cube\" style=color:#284360;><\/i><\/div><h3>Platform data model<\/h3><\/div><p class=\"p_tc\">Roles, managers, work environments, and publication system<\/p>\n\n\t\t<\/div><\/div><div class=\"tcvpb_column_tc_span2\"><\/div><\/div><\/div>\n\t\t\n\t\t\n\t<\/section><section class=\"tcvpb_section_tc icon-blue-am tcvpb-centered section_with_header\" style=\"margin-bottom:0px;border-bottom:0px;padding-bottom:10px;background-color:rgb(241, 241, 241);\">\n\t\t<header><div class=\"tcvpb_container\"><h3>Technical Features<\/h3><div class=\"tcvpb_section_header_icon\"><i class=\"bm-equalization\"><\/i><\/div><p><\/p>\n<div style=\"text-align: center;\"><span style=\"color: #000000;\">Editing system in the backend module<\/span><\/div>\n<p><\/p><\/div><\/header>\n\t\t<div class=\"tcvpb_section_content\"><div class=\"tcvpb_container\"><div class=\"tcvpb_column_tc_span4\"><\/div><div class=\"tcvpb_column_tc_span4\"><\/div><div class=\"tcvpb_column_tc_span4\"><\/div><\/div><\/div>\n\t\t\n\t\t\n\t<\/section><section class=\"tcvpb_section_tc icon-blue-am tcvpb-centered\" style=\"margin-top:0px;margin-bottom:0px;border-bottom:0px;padding-top:20px;padding-right:0px;padding-bottom:0px;padding-left:0px;background-color:rgb(241, 241, 241);\">\n\t\t\n\t\t<div class=\"tcvpb_section_content\"><div class=\"tcvpb_container\"><div class=\"tcvpb_column_tc_span4\">\n\t\t<div  class=\"tcvpb_service_box tcvpb_service_box_square bold_text\">\n\t\t\t<div class=\"tcvpb_service_box_header\"><div class=\"tcvpb_icon_boxed\"><i class=\"el-el_pin_alt\" style=color:#284360;><\/i><\/div><h3><\/h3><\/div><p>Creation and editing of POIs<br \/>through simple editing tools<\/p>\n\n\t\t<\/div><\/div><div class=\"tcvpb_column_tc_span4\">\n\t\t<div  class=\"tcvpb_service_box tcvpb_service_box_square bold_text\">\n\t\t\t<div class=\"tcvpb_service_box_header\"><div class=\"tcvpb_icon_boxed\"><i class=\"bm-square\" style=color:#284360;><\/i><\/div><h3><\/h3><\/div><p>Ability to include point, line<br \/>and polygon elements<\/p>\n\n\t\t<\/div><\/div><div class=\"tcvpb_column_tc_span4\">\n\t\t<div  class=\"tcvpb_service_box tcvpb_service_box_square bold_text\">\n\t\t\t<div class=\"tcvpb_service_box_header\"><div class=\"tcvpb_icon_boxed\"><i class=\"fa-cube\" style=color:#284360;><\/i><\/div><h3><\/h3><\/div><p>Inclusion of 3D<br \/>and 4D models<\/p>\n\n\t\t<\/div><\/div><\/div><\/div>\n\t\t\n\t\t\n\t<\/section><section class=\"tcvpb_section_tc icon-blue-mf tcvpb-centered section_equalize_5\" style=\"margin-top:0px;border-top:0px;padding-top:10px;background-color:rgb(241, 241, 241);border-style:dotted;border-color:#e0e0e0;\">\n\t\t\n\t\t<div class=\"tcvpb_section_content\"><div class=\"tcvpb_container\"><div class=\"tcvpb_column_tc_span2\"><\/div><div class=\"tcvpb_column_tc_span4\">\n\t\t<div  class=\"tcvpb_service_box tcvpb_service_box_square bold_text\">\n\t\t\t<div class=\"tcvpb_service_box_header\"><div class=\"tcvpb_icon_boxed\"><i class=\"bm-paintbrush\" style=color:#284360;><\/i><\/div><h3><\/h3><\/div><p>Customization of the viewer<br \/>according to the client&#8217;s corporate image<\/p>\n\n\t\t<\/div><\/div><div class=\"tcvpb_column_tc_span4\">\n\t\t<div  class=\"tcvpb_service_box tcvpb_service_box_square bold_text\">\n\t\t\t<div class=\"tcvpb_service_box_header\"><div class=\"tcvpb_icon_boxed\"><i class=\"bm-upload\" style=color:#284360;><\/i><\/div><h3><\/h3><\/div><p>Export of standalone<br \/>viewers<\/p>\n\n\t\t<\/div><\/div><div class=\"tcvpb_column_tc_span2\"><\/div><\/div><\/div>\n\t\t\n\t\t\n\t<\/section>\n","protected":false},"excerpt":{"rendered":"","protected":false},"author":1,"featured_media":5216,"parent":4747,"menu_order":4,"comment_status":"closed","ping_status":"closed","template":"page-front-page-revolution.php","meta":{"footnotes":""},"class_list":["post-5258","page","type-page","status-publish","has-post-thumbnail","hentry"],"yoast_head":"<!-- This site is optimized with the Yoast SEO plugin v23.5 - https:\/\/yoast.com\/wordpress\/plugins\/seo\/ -->\n<title>AR Map - ILUX Visual Technologies<\/title>\n<meta name=\"description\" content=\"ARMap is a platform that allows the creation of real-time Web Augmented Reality content without the need to install an app for it to work. This platform stands out because it uses web technologies to make the real-time AR experience accessible to any type of device.\" \/>\n<meta name=\"robots\" content=\"index, follow, max-snippet:-1, max-image-preview:large, max-video-preview:-1\" \/>\n<link rel=\"canonical\" href=\"https:\/\/www.ilux.es\/en\/home\/products\/armap\/\" \/>\n<meta property=\"og:locale\" content=\"en_US\" \/>\n<meta property=\"og:type\" content=\"article\" \/>\n<meta property=\"og:title\" content=\"AR Map - ILUX Visual Technologies\" \/>\n<meta property=\"og:description\" content=\"ARMap is a platform that allows the creation of real-time Web Augmented Reality content without the need to install an app for it to work. This platform stands out because it uses web technologies to make the real-time AR experience accessible to any type of device.\" \/>\n<meta property=\"og:url\" content=\"https:\/\/www.ilux.es\/en\/home\/products\/armap\/\" \/>\n<meta property=\"og:site_name\" content=\"ILUX Visual Technologies\" \/>\n<meta property=\"article:modified_time\" content=\"2025-08-28T15:12:43+00:00\" \/>\n<meta property=\"og:image\" content=\"https:\/\/www.ilux.es\/wp-content\/uploads\/2025\/08\/icon_ARmAP.png\" \/>\n\t<meta property=\"og:image:width\" content=\"400\" \/>\n\t<meta property=\"og:image:height\" content=\"400\" \/>\n\t<meta property=\"og:image:type\" content=\"image\/png\" \/>\n<meta name=\"twitter:card\" content=\"summary_large_image\" \/>\n<meta name=\"twitter:label1\" content=\"Est. reading time\" \/>\n\t<meta name=\"twitter:data1\" content=\"3 minutes\" \/>\n<script type=\"application\/ld+json\" class=\"yoast-schema-graph\">{\"@context\":\"https:\/\/schema.org\",\"@graph\":[{\"@type\":\"WebPage\",\"@id\":\"https:\/\/www.ilux.es\/en\/home\/products\/armap\/\",\"url\":\"https:\/\/www.ilux.es\/en\/home\/products\/armap\/\",\"name\":\"AR Map - ILUX Visual Technologies\",\"isPartOf\":{\"@id\":\"https:\/\/www.ilux.es\/en\/#website\"},\"primaryImageOfPage\":{\"@id\":\"https:\/\/www.ilux.es\/en\/home\/products\/armap\/#primaryimage\"},\"image\":{\"@id\":\"https:\/\/www.ilux.es\/en\/home\/products\/armap\/#primaryimage\"},\"thumbnailUrl\":\"https:\/\/www.ilux.es\/wp-content\/uploads\/2025\/08\/icon_ARmAP.png\",\"datePublished\":\"2025-08-28T11:44:05+00:00\",\"dateModified\":\"2025-08-28T15:12:43+00:00\",\"description\":\"ARMap is a platform that allows the creation of real-time Web Augmented Reality content without the need to install an app for it to work. This platform stands out because it uses web technologies to make the real-time AR experience accessible to any type of device.\",\"breadcrumb\":{\"@id\":\"https:\/\/www.ilux.es\/en\/home\/products\/armap\/#breadcrumb\"},\"inLanguage\":\"en-US\",\"potentialAction\":[{\"@type\":\"ReadAction\",\"target\":[\"https:\/\/www.ilux.es\/en\/home\/products\/armap\/\"]}]},{\"@type\":\"ImageObject\",\"inLanguage\":\"en-US\",\"@id\":\"https:\/\/www.ilux.es\/en\/home\/products\/armap\/#primaryimage\",\"url\":\"https:\/\/www.ilux.es\/wp-content\/uploads\/2025\/08\/icon_ARmAP.png\",\"contentUrl\":\"https:\/\/www.ilux.es\/wp-content\/uploads\/2025\/08\/icon_ARmAP.png\",\"width\":400,\"height\":400},{\"@type\":\"BreadcrumbList\",\"@id\":\"https:\/\/www.ilux.es\/en\/home\/products\/armap\/#breadcrumb\",\"itemListElement\":[{\"@type\":\"ListItem\",\"position\":1,\"name\":\"Portada\",\"item\":\"https:\/\/www.ilux.es\/en\/\"},{\"@type\":\"ListItem\",\"position\":2,\"name\":\"Home\",\"item\":\"https:\/\/www.ilux.es\/en\/\"},{\"@type\":\"ListItem\",\"position\":3,\"name\":\"Products\",\"item\":\"https:\/\/www.ilux.es\/en\/home\/products\/\"},{\"@type\":\"ListItem\",\"position\":4,\"name\":\"AR Map\"}]},{\"@type\":\"WebSite\",\"@id\":\"https:\/\/www.ilux.es\/en\/#website\",\"url\":\"https:\/\/www.ilux.es\/en\/\",\"name\":\"ILUX Visual Technologies\",\"description\":\"\",\"potentialAction\":[{\"@type\":\"SearchAction\",\"target\":{\"@type\":\"EntryPoint\",\"urlTemplate\":\"https:\/\/www.ilux.es\/en\/?s={search_term_string}\"},\"query-input\":{\"@type\":\"PropertyValueSpecification\",\"valueRequired\":true,\"valueName\":\"search_term_string\"}}],\"inLanguage\":\"en-US\"}]}<\/script>\n<!-- \/ Yoast SEO plugin. -->","yoast_head_json":{"title":"AR Map - ILUX Visual Technologies","description":"ARMap is a platform that allows the creation of real-time Web Augmented Reality content without the need to install an app for it to work. This platform stands out because it uses web technologies to make the real-time AR experience accessible to any type of device.","robots":{"index":"index","follow":"follow","max-snippet":"max-snippet:-1","max-image-preview":"max-image-preview:large","max-video-preview":"max-video-preview:-1"},"canonical":"https:\/\/www.ilux.es\/en\/home\/products\/armap\/","og_locale":"en_US","og_type":"article","og_title":"AR Map - ILUX Visual Technologies","og_description":"ARMap is a platform that allows the creation of real-time Web Augmented Reality content without the need to install an app for it to work. This platform stands out because it uses web technologies to make the real-time AR experience accessible to any type of device.","og_url":"https:\/\/www.ilux.es\/en\/home\/products\/armap\/","og_site_name":"ILUX Visual Technologies","article_modified_time":"2025-08-28T15:12:43+00:00","og_image":[{"width":400,"height":400,"url":"https:\/\/www.ilux.es\/wp-content\/uploads\/2025\/08\/icon_ARmAP.png","type":"image\/png"}],"twitter_card":"summary_large_image","twitter_misc":{"Est. reading time":"3 minutes"},"schema":{"@context":"https:\/\/schema.org","@graph":[{"@type":"WebPage","@id":"https:\/\/www.ilux.es\/en\/home\/products\/armap\/","url":"https:\/\/www.ilux.es\/en\/home\/products\/armap\/","name":"AR Map - ILUX Visual Technologies","isPartOf":{"@id":"https:\/\/www.ilux.es\/en\/#website"},"primaryImageOfPage":{"@id":"https:\/\/www.ilux.es\/en\/home\/products\/armap\/#primaryimage"},"image":{"@id":"https:\/\/www.ilux.es\/en\/home\/products\/armap\/#primaryimage"},"thumbnailUrl":"https:\/\/www.ilux.es\/wp-content\/uploads\/2025\/08\/icon_ARmAP.png","datePublished":"2025-08-28T11:44:05+00:00","dateModified":"2025-08-28T15:12:43+00:00","description":"ARMap is a platform that allows the creation of real-time Web Augmented Reality content without the need to install an app for it to work. This platform stands out because it uses web technologies to make the real-time AR experience accessible to any type of device.","breadcrumb":{"@id":"https:\/\/www.ilux.es\/en\/home\/products\/armap\/#breadcrumb"},"inLanguage":"en-US","potentialAction":[{"@type":"ReadAction","target":["https:\/\/www.ilux.es\/en\/home\/products\/armap\/"]}]},{"@type":"ImageObject","inLanguage":"en-US","@id":"https:\/\/www.ilux.es\/en\/home\/products\/armap\/#primaryimage","url":"https:\/\/www.ilux.es\/wp-content\/uploads\/2025\/08\/icon_ARmAP.png","contentUrl":"https:\/\/www.ilux.es\/wp-content\/uploads\/2025\/08\/icon_ARmAP.png","width":400,"height":400},{"@type":"BreadcrumbList","@id":"https:\/\/www.ilux.es\/en\/home\/products\/armap\/#breadcrumb","itemListElement":[{"@type":"ListItem","position":1,"name":"Portada","item":"https:\/\/www.ilux.es\/en\/"},{"@type":"ListItem","position":2,"name":"Home","item":"https:\/\/www.ilux.es\/en\/"},{"@type":"ListItem","position":3,"name":"Products","item":"https:\/\/www.ilux.es\/en\/home\/products\/"},{"@type":"ListItem","position":4,"name":"AR Map"}]},{"@type":"WebSite","@id":"https:\/\/www.ilux.es\/en\/#website","url":"https:\/\/www.ilux.es\/en\/","name":"ILUX Visual Technologies","description":"","potentialAction":[{"@type":"SearchAction","target":{"@type":"EntryPoint","urlTemplate":"https:\/\/www.ilux.es\/en\/?s={search_term_string}"},"query-input":{"@type":"PropertyValueSpecification","valueRequired":true,"valueName":"search_term_string"}}],"inLanguage":"en-US"}]}},"_links":{"self":[{"href":"https:\/\/www.ilux.es\/en\/wp-json\/wp\/v2\/pages\/5258"}],"collection":[{"href":"https:\/\/www.ilux.es\/en\/wp-json\/wp\/v2\/pages"}],"about":[{"href":"https:\/\/www.ilux.es\/en\/wp-json\/wp\/v2\/types\/page"}],"author":[{"embeddable":true,"href":"https:\/\/www.ilux.es\/en\/wp-json\/wp\/v2\/users\/1"}],"replies":[{"embeddable":true,"href":"https:\/\/www.ilux.es\/en\/wp-json\/wp\/v2\/comments?post=5258"}],"version-history":[{"count":2,"href":"https:\/\/www.ilux.es\/en\/wp-json\/wp\/v2\/pages\/5258\/revisions"}],"predecessor-version":[{"id":5260,"href":"https:\/\/www.ilux.es\/en\/wp-json\/wp\/v2\/pages\/5258\/revisions\/5260"}],"up":[{"embeddable":true,"href":"https:\/\/www.ilux.es\/en\/wp-json\/wp\/v2\/pages\/4747"}],"wp:featuredmedia":[{"embeddable":true,"href":"https:\/\/www.ilux.es\/en\/wp-json\/wp\/v2\/media\/5216"}],"wp:attachment":[{"href":"https:\/\/www.ilux.es\/en\/wp-json\/wp\/v2\/media?parent=5258"}],"curies":[{"name":"wp","href":"https:\/\/api.w.org\/{rel}","templated":true}]}}